{"id":861,"date":"2021-04-21T09:09:14","date_gmt":"2021-04-21T09:09:14","guid":{"rendered":"http:\/\/rara-factory-experience.ms.decms.eu\/?page_id=861"},"modified":"2025-03-20T08:19:15","modified_gmt":"2025-03-20T08:19:15","slug":"privacy-policy","status":"publish","type":"page","link":"https:\/\/www.rarafactory.it\/en\/privacy-policy\/","title":{"rendered":"Privacy Policy"},"content":{"rendered":"<p>In questa pagina sono descritte le politiche di riservatezza adottate dalla\u00a0<strong>D.I. FIUMI ROSSELLA<\/strong>\u00a0sul proprio sito web con riferimento al trattamento dei dati personali dei visitatori che li consultano.<\/p>\n<p>&nbsp;<\/p>\n<p>L\u2019informativa qui di seguito esposta \u00e8 resa anche ai sensi dell\u2019articolo (art. 13 of D. Lgs. n\u00b0196\/2003), a coloro che interagiscono con i servizi web della\u00a0<strong>D.I. FIUMI ROSSELLA<\/strong>, accessibili per via telematica.<\/p>\n<p>&nbsp;<\/p>\n<p>Titolare del trattamento<\/p>\n<p>La consultazione di questo sito pu\u00f2 dar luogo al trattamento dei dati relativi a persone identificate o identificabili. Il \u201ctitolare\u201d del loro trattamento dei dati personali \u00e8\u00a0<strong>D.I. FIUMI ROSSELLA<\/strong>\u00a0con sede in Orvieto Localit\u00e0 la Badia n. 32.<\/p>\n<p>&nbsp;<\/p>\n<p>Luogo di Trattamento dei dati personali<\/p>\n<p>Il sito pu\u00f2 essere visitato senza dover fornire alcun dato personale. I dati personali affidati tramite Web a dalla\u00a0<strong>D.I. FIUMI ROSSELLA<\/strong>\u00a0sono trattati presso la sede operativa della societ\u00e0. I dati personali sono curati solo da personale tecnico appositamente incaricato del trattamento e, occasionalmente, dagli incaricati delle eventuali operazioni di manutenzione.<\/p>\n<p>&nbsp;<\/p>\n<p>I visitatori che utilizzano i moduli di richiesta di prenotazione e di registrazione alla e-newsletter, dovranno comunicare i dati personali (nome, cognome, indirizzo, indirizzo e-mail, n\u00b0 di telefono, ecc) e autorizzarne il trattamento.<\/p>\n<p>&nbsp;<\/p>\n<p>I dati personali acquisiti attraverso i servizi Web sono custoditi presso il titolare del trattamento e presso le strutture delle societ\u00e0 esterne funzionali all\u2019erogazione dei servizi stessi (ad es. software house, server farm o agenzie web). I dati sono curati solo da personale tecnico incaricato del trattamento o dagli incaricati di occasionali interventi di manutenzione.<\/p>\n<p>&nbsp;<\/p>\n<p>Tipi di dati trattati<\/p>\n<p>&nbsp;<\/p>\n<p>Dati di navigazione<\/p>\n<p>I sistemi informatici e le procedure software preposte al funzionamento del presente sito web acquisiscono, nel corso del loro normale esercizio, alcuni dati personali la cui trasmissione \u00e8 implicita nell\u2019uso dei protocolli di comunicazione di Internet. Si tratta di informazioni che non sono raccolte per essere associate a interessati identificati, ma che per la loro stessa natura potrebbero, attraverso elaborazioni ed associazioni con dati detenuti da terzi, permettere di identificare gli utenti. In questa categoria di dati rientrano gli indirizzi IP o i nomi a dominio dei computer utilizzati dagli utenti che si connettono al sito web, gli indirizzi in notazione URI (Uniform Resource Identifier) delle risorse richieste, l\u2019orario della richiesta, il metodo utilizzato nel sottoporre la richiesta al server, la dimensione dei file ottenuti in risposta, il codice numerico indicante lo stato della risposta data dal server ed altri parametri relativi al sistema operativo e all\u2019ambiente informatico dell\u2019utente. Questi dati vengono utilizzati al solo fine di ricavare informazioni statistiche anonime sull\u2019uso del presente sito web e per controllarne il corretto funzionamento. Potrebbero inoltre essere utilizzati al fine di accertare le eventuali responsabilit\u00e0 in caso di ipotetici reati informatici ai danni del sito: salva tale eventualit\u00e0, i dati personali sono conservati per non pi\u00f9 di trenta giorni.<\/p>\n<p>&nbsp;<\/p>\n<p>Cookies<\/p>\n<p>La\u00a0<strong>D.I. FIUMI ROSSELLA<\/strong>\u00a0non raccoglie e\/o preleva automaticamente alcuna informazione di carattere personale dei visitatori dei loro siti web. Il presente sito web utilizza cookies di sessione limitatamente ed al solo fine di consentire l\u2019esplorazione sicura del sito, sono utilizzati anche cookies per la gestione del redirect su altri siti web.<\/p>\n<p>Utilizzando il sito web della\u00a0<strong>D.I. FIUMI ROSSELLA<\/strong>, l\u2019utente acconsente al trattamento dei dati acquisiti tramite i cookies di sessione per le modalit\u00e0 e i fini sopraindicati, secondo quanto richiesto dal provvedimento del Garante per la Privacy del 4 giugno 2014.<\/p>\n<p>&nbsp;<\/p>\n<p>Facoltativit\u00e0 del conferimento dei dati<\/p>\n<p>A parte quanto specificato per i dati di navigazione, l\u2019utente \u00e8 libero di fornire i dati personali per sollecitare l\u2019invio di materiale informativo o di altri tipi di servizi offerti dalla\u00a0<strong>D.I. FIUMI ROSSELLA.<\/strong>\u00a0Il mancato conferimento dei dati pu\u00f2 comportare l\u2019impossibilit\u00e0 di ottenere il servizio richiesto.<\/p>\n<p>&nbsp;<\/p>\n<p>Modalit\u00e0 del Trattamento<\/p>\n<p>I dati personali sono trattati con strumenti automatizzati per il tempo strettamente necessario al conseguimento degli scopi per cui sono stati raccolti. Specifiche misure di sicurezza sono osservate per prevenire la perdita dei dati, usi illeciti o non corretti ed accessi non autorizzati.<\/p>\n<p>&nbsp;<\/p>\n<p>Diritti degli interessati<\/p>\n<p>I soggetti cui si riferiscono i dati personali, ai sensi dell\u2019art. 7 del D.Lgs. n. 196\/2003, hanno il diritto di ottenere, in qualunque momento, la conferma dell\u2019esistenza o meno dei loro dati, di verificarne l\u2019esattezza e\/o chiederne l\u2019integrazione, l\u2019aggiornamento, la rettifica o la cancellazione. Ai sensi del medesimo articolo i soggetti cui si riferiscono i dati personali hanno altres\u00ec il diritto di chiederne la cancellazione, la trasformazione in forma anonima o il blocco dei dati trattati in violazione della legge, nonch\u00e9 di opporsi in ogni caso, per motivi legittimi, al loro trattamento. Le richieste di cui all\u2019art. 7 del D.Lgs. n. 196\/2003 vanno rivolte alla\u00a0<strong>D.I. FIUMI ROSSELLA<\/strong>\u00a0ovvero all\u2019indirizzo e-mail:\u00a0<strong>info@rarafactory.it<\/strong><\/p>\n<p>&nbsp;<\/p>\n<p>Agli effetti del D.Lgs. 196\/2003:<\/p>\n<p>Titolare e responsabile del trattamento \u00e8 la\u00a0<strong>D.I. FIUMI ROSSELLA<\/strong>, con sede in Orvieto localit\u00e0 La Badia n. 32, in persona del titolare Sig.ra Rossella Fiumi.<\/p>\n","protected":false},"excerpt":{"rendered":"<p>In questa pagina sono descritte le politiche di riservatezza adottate dalla\u00a0D.I. FIUMI ROSSELLA\u00a0sul proprio sito web con riferimento al trattamento dei dati personali dei visitatori che li consultano. &nbsp; L\u2019informativa qui di seguito esposta \u00e8 resa anche ai sensi dell\u2019articolo (art. 13 of D. Lgs. n\u00b0196\/2003), a coloro che interagiscono con i servizi web della\u00a0D.I. [&hellip;]<\/p>\n","protected":false},"author":36,"featured_media":0,"parent":0,"menu_order":100,"comment_status":"closed","ping_status":"closed","template":"","meta":{"footnotes":""},"class_list":["post-861","page","type-page","status-publish","hentry"],"yoast_head":"<!-- This site is optimized with the Yoast SEO plugin v26.9 - https:\/\/yoast.com\/product\/yoast-seo-wordpress\/ -->\n<title>Privacy Policy | Rara Factory<\/title>\n<meta name=\"description\" content=\"Your privacy matters to us. Learn how Rara Factory collects, uses, and protects your personal data. Read our comprehensive privacy policy for full transparency.\" \/>\n<meta name=\"robots\" content=\"index, follow, max-snippet:-1, max-image-preview:large, max-video-preview:-1\" \/>\n<link rel=\"canonical\" href=\"https:\/\/www.rarafactory.it\/en\/privacy-policy\/\" \/>\n<meta property=\"og:locale\" content=\"en_US\" \/>\n<meta property=\"og:type\" content=\"article\" \/>\n<meta property=\"og:title\" content=\"Privacy Policy | Rara Factory\" \/>\n<meta property=\"og:description\" content=\"Your privacy matters to us. Learn how Rara Factory collects, uses, and protects your personal data. Read our comprehensive privacy policy for full transparency.\" \/>\n<meta property=\"og:url\" content=\"https:\/\/www.rarafactory.it\/en\/privacy-policy\/\" \/>\n<meta property=\"og:site_name\" content=\"Rara Factory Experience\" \/>\n<meta property=\"article:modified_time\" content=\"2025-03-20T08:19:15+00:00\" \/>\n<meta name=\"twitter:card\" content=\"summary_large_image\" \/>\n<meta name=\"twitter:label1\" content=\"Est. reading time\" \/>\n\t<meta name=\"twitter:data1\" content=\"4 minutes\" \/>\n<script type=\"application\/ld+json\" class=\"yoast-schema-graph\">{\"@context\":\"https:\/\/schema.org\",\"@graph\":[{\"@type\":\"WebPage\",\"@id\":\"https:\/\/www.rarafactory.it\/en\/privacy-policy\/\",\"url\":\"https:\/\/www.rarafactory.it\/en\/privacy-policy\/\",\"name\":\"Privacy Policy | Rara Factory\",\"isPartOf\":{\"@id\":\"https:\/\/www.rarafactory.it\/en\/#website\"},\"datePublished\":\"2021-04-21T09:09:14+00:00\",\"dateModified\":\"2025-03-20T08:19:15+00:00\",\"description\":\"Your privacy matters to us. Learn how Rara Factory collects, uses, and protects your personal data. Read our comprehensive privacy policy for full transparency.\",\"breadcrumb\":{\"@id\":\"https:\/\/www.rarafactory.it\/en\/privacy-policy\/#breadcrumb\"},\"inLanguage\":\"en-US\",\"potentialAction\":[{\"@type\":\"ReadAction\",\"target\":[\"https:\/\/www.rarafactory.it\/en\/privacy-policy\/\"]}]},{\"@type\":\"BreadcrumbList\",\"@id\":\"https:\/\/www.rarafactory.it\/en\/privacy-policy\/#breadcrumb\",\"itemListElement\":[{\"@type\":\"ListItem\",\"position\":1,\"name\":\"Home\",\"item\":\"https:\/\/www.rarafactory.it\/en\/\"},{\"@type\":\"ListItem\",\"position\":2,\"name\":\"Privacy Policy\"}]},{\"@type\":\"WebSite\",\"@id\":\"https:\/\/www.rarafactory.it\/en\/#website\",\"url\":\"https:\/\/www.rarafactory.it\/en\/\",\"name\":\"Rara Factory Experience\",\"description\":\"Just another ms.decms.eu site\",\"potentialAction\":[{\"@type\":\"SearchAction\",\"target\":{\"@type\":\"EntryPoint\",\"urlTemplate\":\"https:\/\/www.rarafactory.it\/en\/?s={search_term_string}\"},\"query-input\":{\"@type\":\"PropertyValueSpecification\",\"valueRequired\":true,\"valueName\":\"search_term_string\"}}],\"inLanguage\":\"en-US\"}]}<\/script>\n<!-- \/ Yoast SEO plugin. -->","yoast_head_json":{"title":"Privacy Policy | Rara Factory","description":"Your privacy matters to us. Learn how Rara Factory collects, uses, and protects your personal data. Read our comprehensive privacy policy for full transparency.","robots":{"index":"index","follow":"follow","max-snippet":"max-snippet:-1","max-image-preview":"max-image-preview:large","max-video-preview":"max-video-preview:-1"},"canonical":"https:\/\/www.rarafactory.it\/en\/privacy-policy\/","og_locale":"en_US","og_type":"article","og_title":"Privacy Policy | Rara Factory","og_description":"Your privacy matters to us. Learn how Rara Factory collects, uses, and protects your personal data. Read our comprehensive privacy policy for full transparency.","og_url":"https:\/\/www.rarafactory.it\/en\/privacy-policy\/","og_site_name":"Rara Factory Experience","article_modified_time":"2025-03-20T08:19:15+00:00","twitter_card":"summary_large_image","twitter_misc":{"Est. reading time":"4 minutes"},"schema":{"@context":"https:\/\/schema.org","@graph":[{"@type":"WebPage","@id":"https:\/\/www.rarafactory.it\/en\/privacy-policy\/","url":"https:\/\/www.rarafactory.it\/en\/privacy-policy\/","name":"Privacy Policy | Rara Factory","isPartOf":{"@id":"https:\/\/www.rarafactory.it\/en\/#website"},"datePublished":"2021-04-21T09:09:14+00:00","dateModified":"2025-03-20T08:19:15+00:00","description":"Your privacy matters to us. Learn how Rara Factory collects, uses, and protects your personal data. Read our comprehensive privacy policy for full transparency.","breadcrumb":{"@id":"https:\/\/www.rarafactory.it\/en\/privacy-policy\/#breadcrumb"},"inLanguage":"en-US","potentialAction":[{"@type":"ReadAction","target":["https:\/\/www.rarafactory.it\/en\/privacy-policy\/"]}]},{"@type":"BreadcrumbList","@id":"https:\/\/www.rarafactory.it\/en\/privacy-policy\/#breadcrumb","itemListElement":[{"@type":"ListItem","position":1,"name":"Home","item":"https:\/\/www.rarafactory.it\/en\/"},{"@type":"ListItem","position":2,"name":"Privacy Policy"}]},{"@type":"WebSite","@id":"https:\/\/www.rarafactory.it\/en\/#website","url":"https:\/\/www.rarafactory.it\/en\/","name":"Rara Factory Experience","description":"Just another ms.decms.eu site","potentialAction":[{"@type":"SearchAction","target":{"@type":"EntryPoint","urlTemplate":"https:\/\/www.rarafactory.it\/en\/?s={search_term_string}"},"query-input":{"@type":"PropertyValueSpecification","valueRequired":true,"valueName":"search_term_string"}}],"inLanguage":"en-US"}]}},"acf":[],"_links":{"self":[{"href":"https:\/\/www.rarafactory.it\/en\/wp-json\/wp\/v2\/pages\/861","targetHints":{"allow":["GET"]}}],"collection":[{"href":"https:\/\/www.rarafactory.it\/en\/wp-json\/wp\/v2\/pages"}],"about":[{"href":"https:\/\/www.rarafactory.it\/en\/wp-json\/wp\/v2\/types\/page"}],"author":[{"embeddable":true,"href":"https:\/\/www.rarafactory.it\/en\/wp-json\/wp\/v2\/users\/36"}],"replies":[{"embeddable":true,"href":"https:\/\/www.rarafactory.it\/en\/wp-json\/wp\/v2\/comments?post=861"}],"version-history":[{"count":0,"href":"https:\/\/www.rarafactory.it\/en\/wp-json\/wp\/v2\/pages\/861\/revisions"}],"wp:attachment":[{"href":"https:\/\/www.rarafactory.it\/en\/wp-json\/wp\/v2\/media?parent=861"}],"curies":[{"name":"wp","href":"https:\/\/api.w.org\/{rel}","templated":true}]}}